{"id":4874,"date":"2017-10-12T14:25:26","date_gmt":"2017-10-12T14:25:26","guid":{"rendered":"http:\/\/www.doubledecker.ch\/?page_id=4874"},"modified":"2017-10-13T14:41:26","modified_gmt":"2017-10-13T14:41:26","slug":"kontaktformular","status":"publish","type":"page","link":"https:\/\/www.doubledecker.ch\/de\/kontaktformular\/","title":{"rendered":"Kontaktformular"},"content":{"rendered":"<\/div><\/div><\/div><!-- close content main div --><\/div><\/div><div id='av_section_1' class='avia-section main_color avia-section-default avia-no-shadow avia-bg-style-scroll   container_wrap fullsize' style = 'background-image: '  ><div class='container' ><div class='template-page content  av-content-full alpha units'><div class='post-entry post-entry-type-page post-entry-4874'><div class='entry-content-wrapper clearfix'>\n<div style='padding-bottom:30px; font-size:40px;' class='av-special-heading av-special-heading-h2  blockquote modern-quote modern-centered   av-inherit-size '><h2 class='av-special-heading-tag '  itemprop=\"headline\"  >Anmeldeformular<\/h2><div class='special-heading-border'><div class='special-heading-inner-border' ><\/div><\/div><\/div>\n<section class=\"av_textblock_section \"  itemscope=\"itemscope\" itemtype=\"https:\/\/schema.org\/CreativeWork\" ><div class='avia_textblock  '   itemprop=\"text\" ><p class=\"p1\"><span class=\"s1\">Vielen Dank f\u00fcr das Interesse an unserer Schule. Wir verstehen, dass die Wahl der ersten Schule Ihres Kindes eine wichtige Entscheidung ist, bei der wir Ihnen\u00a0 gerne so gut wie m\u00f6glich unsere Hilfe anbieten.<\/span><\/p>\n<p class=\"p1\"><span class=\"s1\">Als ersten Schritt bitten wir Sie, das Anmeldeformular hier auszuf\u00fcllen(auf dieser Seite einf\u00fcgen oder auf eine neue Seite einf\u00fcgen), rufen Sie uns an oder senden Sie uns ein E-Mail.\u00a0 Wir werden dann einen g\u00fcnstigen Zeitpunkt vereinbaren, an welchem Sie uns besuchen k\u00f6nnen damit:<\/span><\/p>\n<ul class=\"ul1\">\n<li class=\"li2\"><span class=\"s1\">Sie uns besser kennen lernen<\/span><\/li>\n<li class=\"li2\"><span class=\"s1\">einen Rundgang in unserer Schule machen k\u00f6nnen<\/span><\/li>\n<li class=\"li2\"><span class=\"s1\">unsere Lehrer treffen k\u00f6nnen<\/span><\/li>\n<li class=\"li2\"><span class=\"s1\">sehen k\u00f6nnen, wie ein typischer Tag f\u00fcr Ihr Kind aussehen wird<\/span><\/li>\n<li class=\"li2\"><span class=\"s1\">uns mehr \u00fcber Ihr Kind erz\u00e4hlen k\u00f6nnen<\/span><\/li>\n<\/ul>\n<p class=\"p1\"><span class=\"s1\">Nachdem Sie uns besucht haben und wenn f\u00fcr Sie feststeht, dass wir die richtige Schule f\u00fcr Ihr Kind sind, bitten wir Sie, das Anmeldeformular auszuf\u00fcllen. Wir werden Ihren Antrag sofort bearbeiten, sobald wir die ausgef\u00fcllten Formulare zusammen mit der Anmeldegeb\u00fchr erhalten haben.<\/span><\/p>\n<p class=\"p1\"><span class=\"s1\">Gerne beantworten wir all Ihre Fragen und wir freuen uns darauf, Sie kennen zu lernen.<\/span><\/p>\n<\/div><\/section>\n<div  class='hr hr-default  '><span class='hr-inner ' ><span class='hr-inner-style'><\/span><\/span><\/div>\n<form action=\"https:\/\/www.doubledecker.ch\/de\/kontaktformular\/\" method=\"post\"  class=\"avia_ajax_form av-form-labels-hidden    \" data-avia-form-id=\"1\" data-avia-redirect=''><fieldset><h3>Admission Request<\/h3><p class=' first_form  form_element form_element_third' id='element_avia_1_1'> <input name=\"avia_1_1\" class=\"text_input is_empty\" type=\"text\" id=\"avia_1_1\" value=\"\"  placeholder='NAME, VORNAME ELTERN*'\/><\/p><p class=' form_element form_element_third' id='element_avia_2_1'> <input name=\"avia_2_1\" class=\"text_input is_empty\" type=\"text\" id=\"avia_2_1\" value=\"\"  placeholder='NAME DES KINDES*'\/><\/p><p class=' form_element form_element_third' id='element_avia_3_1'> <input name=\"avia_3_1\" class=\"avia_datepicker text_input is_empty\" type=\"text\" id=\"avia_3_1\" value=\"\" placeholder=\"GEBURTSTAG DES KINDES*\" \/><\/p><p class=' first_form  form_element form_element_third' id='element_avia_4_1'> <input name=\"avia_4_1\" class=\"text_input \" type=\"text\" id=\"avia_4_1\" value=\"\"  placeholder='STRASSE'\/><\/p><p class=' form_element form_element_third' id='element_avia_5_1'> <input name=\"avia_5_1\" class=\"text_input is_empty\" type=\"text\" id=\"avia_5_1\" value=\"\"  placeholder='PLZ ORT*'\/><\/p><p class=' form_element form_element_third' id='element_avia_6_1'> <input name=\"avia_6_1\" class=\"text_input \" type=\"text\" id=\"avia_6_1\" value=\"\"  placeholder='TELEFON NR'\/><\/p><p class=' first_form  form_element form_element_third' id='element_avia_7_1'> <input name=\"avia_7_1\" class=\"text_input is_email\" type=\"text\" id=\"avia_7_1\" value=\"\"  placeholder='E-MAIL*'\/><\/p><p class=' form_element form_element_third' id='element_avia_8_1'> <select  name=\"avia_8_1\" class=\"select is_empty\" id=\"avia_8_1\"><option  value =''>GEW\u00dcNSCHTER STANDORT*<\/option><option  value ='K\u00fcsnacht'>K\u00fcsnacht<\/option><option  value ='Kilchberg'>Kilchberg<\/option><\/select><\/p><p class=' form_element form_element_third' id='element_avia_9_1'> <input name=\"avia_9_1\" class=\"avia_datepicker text_input is_empty\" type=\"text\" id=\"avia_9_1\" value=\"\" placeholder=\"GEW\u00dcNSCHTER START*\" \/><\/p><p class=' first_form  form_element form_element_two_third' id='element_avia_10_1'> <select  name=\"avia_10_1\" class=\"select \" id=\"avia_10_1\"><option  value =''>WIE SIND SIE AUF UNS AUFMERKSAM GEWORDEN<\/option><option  value ='Internet'>Internet<\/option><option  value ='Freunde - Bekannte'>Freunde - Bekannte<\/option><option  value ='Print Medien'>Print Medien<\/option><option  value ='anderes'>anderes<\/option><\/select><\/p><p class=' first_form  form_element form_fullwidth av-last-visible-form-element' id='element_avia_11_1'>\t <textarea  placeholder='MESSAGE' name=\"avia_11_1\" class=\"text_area \" cols=\"40\" rows=\"7\" id=\"avia_11_1\" ><\/textarea><\/p><p class=\"hidden\"><input type=\"text\" name=\"avia_12_1\" class=\"hidden \" id=\"avia_12_1\" value=\"\" \/><\/p><p class=\"form_element \"><input type=\"hidden\" value=\"1\" name=\"avia_generated_form1\" \/><input type=\"submit\" value=\"SEND\" class=\"button\"  data-sending-label=\"Sende\"\/><\/p><\/fieldset><\/form><div id=\"ajaxresponse_1\" class=\"ajaxresponse ajaxresponse_1 hidden\"><\/div>\n\n","protected":false},"excerpt":{"rendered":"","protected":false},"author":3,"featured_media":0,"parent":0,"menu_order":0,"comment_status":"closed","ping_status":"closed","template":"","meta":{"_monsterinsights_skip_tracking":false,"_monsterinsights_sitenote_active":false,"_monsterinsights_sitenote_note":"","_monsterinsights_sitenote_category":0,"footnotes":""},"class_list":["post-4874","page","type-page","status-publish","hentry"],"yoast_head":"<!-- This site is optimized with the Yoast SEO plugin v27.1.1 - https:\/\/yoast.com\/product\/yoast-seo-wordpress\/ -->\n<title>Kontaktformular &#8211; Double Decker<\/title>\n<meta name=\"robots\" content=\"index, follow, max-snippet:-1, max-image-preview:large, max-video-preview:-1\" \/>\n<link rel=\"canonical\" href=\"https:\/\/www.doubledecker.ch\/de\/kontaktformular\/\" \/>\n<meta property=\"og:locale\" content=\"de_DE\" \/>\n<meta property=\"og:type\" content=\"article\" \/>\n<meta property=\"og:title\" content=\"Kontaktformular &#8211; Double Decker\" \/>\n<meta property=\"og:url\" content=\"https:\/\/www.doubledecker.ch\/de\/kontaktformular\/\" \/>\n<meta property=\"og:site_name\" content=\"Double Decker\" \/>\n<meta property=\"article:modified_time\" content=\"2017-10-13T14:41:26+00:00\" \/>\n<meta name=\"twitter:card\" content=\"summary_large_image\" \/>\n<meta name=\"twitter:label1\" content=\"Gesch\u00e4tzte Lesezeit\" \/>\n\t<meta name=\"twitter:data1\" content=\"4\u00a0Minuten\" \/>\n<script type=\"application\/ld+json\" class=\"yoast-schema-graph\">{\"@context\":\"https:\/\/schema.org\",\"@graph\":[{\"@type\":\"WebPage\",\"@id\":\"https:\/\/www.doubledecker.ch\/de\/kontaktformular\/\",\"url\":\"https:\/\/www.doubledecker.ch\/de\/kontaktformular\/\",\"name\":\"Kontaktformular &#8211; Double Decker\",\"isPartOf\":{\"@id\":\"https:\/\/www.doubledecker.ch\/de\/#website\"},\"datePublished\":\"2017-10-12T14:25:26+00:00\",\"dateModified\":\"2017-10-13T14:41:26+00:00\",\"breadcrumb\":{\"@id\":\"https:\/\/www.doubledecker.ch\/de\/kontaktformular\/#breadcrumb\"},\"inLanguage\":\"de\",\"potentialAction\":[{\"@type\":\"ReadAction\",\"target\":[\"https:\/\/www.doubledecker.ch\/de\/kontaktformular\/\"]}]},{\"@type\":\"BreadcrumbList\",\"@id\":\"https:\/\/www.doubledecker.ch\/de\/kontaktformular\/#breadcrumb\",\"itemListElement\":[{\"@type\":\"ListItem\",\"position\":1,\"name\":\"Home\",\"item\":\"https:\/\/www.doubledecker.ch\/de\/\"},{\"@type\":\"ListItem\",\"position\":2,\"name\":\"Kontaktformular\"}]},{\"@type\":\"WebSite\",\"@id\":\"https:\/\/www.doubledecker.ch\/de\/#website\",\"url\":\"https:\/\/www.doubledecker.ch\/de\/\",\"name\":\"Double Decker\",\"description\":\"Zweisprachige Vorschule\",\"publisher\":{\"@id\":\"https:\/\/www.doubledecker.ch\/de\/#organization\"},\"potentialAction\":[{\"@type\":\"SearchAction\",\"target\":{\"@type\":\"EntryPoint\",\"urlTemplate\":\"https:\/\/www.doubledecker.ch\/de\/?s={search_term_string}\"},\"query-input\":{\"@type\":\"PropertyValueSpecification\",\"valueRequired\":true,\"valueName\":\"search_term_string\"}}],\"inLanguage\":\"de\"},{\"@type\":\"Organization\",\"@id\":\"https:\/\/www.doubledecker.ch\/de\/#organization\",\"name\":\"Double Decker Bilingual Preschool and Kindergarten\",\"url\":\"https:\/\/www.doubledecker.ch\/de\/\",\"logo\":{\"@type\":\"ImageObject\",\"inLanguage\":\"de\",\"@id\":\"https:\/\/www.doubledecker.ch\/de\/#\/schema\/logo\/image\/\",\"url\":\"https:\/\/www.doubledecker.ch\/wp-content\/uploads\/2017\/02\/DD-Bus.png\",\"contentUrl\":\"https:\/\/www.doubledecker.ch\/wp-content\/uploads\/2017\/02\/DD-Bus.png\",\"width\":300,\"height\":178,\"caption\":\"Double Decker Bilingual Preschool and Kindergarten\"},\"image\":{\"@id\":\"https:\/\/www.doubledecker.ch\/de\/#\/schema\/logo\/image\/\"},\"sameAs\":[\"https:\/\/www.instagram.com\/doubledeckerpreschool\/\"]}]}<\/script>\n<!-- \/ Yoast SEO plugin. -->","yoast_head_json":{"title":"Kontaktformular &#8211; Double Decker","robots":{"index":"index","follow":"follow","max-snippet":"max-snippet:-1","max-image-preview":"max-image-preview:large","max-video-preview":"max-video-preview:-1"},"canonical":"https:\/\/www.doubledecker.ch\/de\/kontaktformular\/","og_locale":"de_DE","og_type":"article","og_title":"Kontaktformular &#8211; Double Decker","og_url":"https:\/\/www.doubledecker.ch\/de\/kontaktformular\/","og_site_name":"Double Decker","article_modified_time":"2017-10-13T14:41:26+00:00","twitter_card":"summary_large_image","twitter_misc":{"Gesch\u00e4tzte Lesezeit":"4\u00a0Minuten"},"schema":{"@context":"https:\/\/schema.org","@graph":[{"@type":"WebPage","@id":"https:\/\/www.doubledecker.ch\/de\/kontaktformular\/","url":"https:\/\/www.doubledecker.ch\/de\/kontaktformular\/","name":"Kontaktformular &#8211; Double Decker","isPartOf":{"@id":"https:\/\/www.doubledecker.ch\/de\/#website"},"datePublished":"2017-10-12T14:25:26+00:00","dateModified":"2017-10-13T14:41:26+00:00","breadcrumb":{"@id":"https:\/\/www.doubledecker.ch\/de\/kontaktformular\/#breadcrumb"},"inLanguage":"de","potentialAction":[{"@type":"ReadAction","target":["https:\/\/www.doubledecker.ch\/de\/kontaktformular\/"]}]},{"@type":"BreadcrumbList","@id":"https:\/\/www.doubledecker.ch\/de\/kontaktformular\/#breadcrumb","itemListElement":[{"@type":"ListItem","position":1,"name":"Home","item":"https:\/\/www.doubledecker.ch\/de\/"},{"@type":"ListItem","position":2,"name":"Kontaktformular"}]},{"@type":"WebSite","@id":"https:\/\/www.doubledecker.ch\/de\/#website","url":"https:\/\/www.doubledecker.ch\/de\/","name":"Double Decker","description":"Zweisprachige Vorschule","publisher":{"@id":"https:\/\/www.doubledecker.ch\/de\/#organization"},"potentialAction":[{"@type":"SearchAction","target":{"@type":"EntryPoint","urlTemplate":"https:\/\/www.doubledecker.ch\/de\/?s={search_term_string}"},"query-input":{"@type":"PropertyValueSpecification","valueRequired":true,"valueName":"search_term_string"}}],"inLanguage":"de"},{"@type":"Organization","@id":"https:\/\/www.doubledecker.ch\/de\/#organization","name":"Double Decker Bilingual Preschool and Kindergarten","url":"https:\/\/www.doubledecker.ch\/de\/","logo":{"@type":"ImageObject","inLanguage":"de","@id":"https:\/\/www.doubledecker.ch\/de\/#\/schema\/logo\/image\/","url":"https:\/\/www.doubledecker.ch\/wp-content\/uploads\/2017\/02\/DD-Bus.png","contentUrl":"https:\/\/www.doubledecker.ch\/wp-content\/uploads\/2017\/02\/DD-Bus.png","width":300,"height":178,"caption":"Double Decker Bilingual Preschool and Kindergarten"},"image":{"@id":"https:\/\/www.doubledecker.ch\/de\/#\/schema\/logo\/image\/"},"sameAs":["https:\/\/www.instagram.com\/doubledeckerpreschool\/"]}]}},"_links":{"self":[{"href":"https:\/\/www.doubledecker.ch\/de\/wp-json\/wp\/v2\/pages\/4874","targetHints":{"allow":["GET"]}}],"collection":[{"href":"https:\/\/www.doubledecker.ch\/de\/wp-json\/wp\/v2\/pages"}],"about":[{"href":"https:\/\/www.doubledecker.ch\/de\/wp-json\/wp\/v2\/types\/page"}],"author":[{"embeddable":true,"href":"https:\/\/www.doubledecker.ch\/de\/wp-json\/wp\/v2\/users\/3"}],"replies":[{"embeddable":true,"href":"https:\/\/www.doubledecker.ch\/de\/wp-json\/wp\/v2\/comments?post=4874"}],"version-history":[{"count":3,"href":"https:\/\/www.doubledecker.ch\/de\/wp-json\/wp\/v2\/pages\/4874\/revisions"}],"predecessor-version":[{"id":9481,"href":"https:\/\/www.doubledecker.ch\/de\/wp-json\/wp\/v2\/pages\/4874\/revisions\/9481"}],"wp:attachment":[{"href":"https:\/\/www.doubledecker.ch\/de\/wp-json\/wp\/v2\/media?parent=4874"}],"curies":[{"name":"wp","href":"https:\/\/api.w.org\/{rel}","templated":true}]}}