{"id":1644,"date":"2017-04-06T08:39:38","date_gmt":"2017-04-06T08:39:38","guid":{"rendered":"http:\/\/www.doubledecker.ch\/?page_id=1644\/"},"modified":"2023-01-26T17:20:19","modified_gmt":"2023-01-26T16:20:19","slug":"haeufige-fragen","status":"publish","type":"page","link":"https:\/\/www.doubledecker.ch\/de\/haeufige-fragen\/","title":{"rendered":"H\u00e4ufige Fragen"},"content":{"rendered":"<\/div><\/div><\/div><!-- close content main div --><\/div><\/div><div id='av_section_1' class='avia-section main_color avia-section-default avia-no-shadow avia-bg-style-scroll   container_wrap fullsize' style = 'background-image: '  ><div class='container' ><div class='template-page content  av-content-full alpha units'><div class='post-entry post-entry-type-page post-entry-1644'><div class='entry-content-wrapper clearfix'>\n<div class=\"flex_column av_one_full  flex_column_div av-zero-column-padding first  \" style='border-radius:0px; '><div style='padding-bottom:30px; font-size:40px;' class='av-special-heading av-special-heading-h2  blockquote modern-quote modern-centered   av-inherit-size '><h2 class='av-special-heading-tag '  itemprop=\"headline\"  >H\u00c4UFIGE FRAGEN<\/h2><div class='special-heading-border'><div class='special-heading-inner-border' ><\/div><\/div><\/div><\/div><div class=\"flex_column av_one_fifth  flex_column_div av-zero-column-padding first  \" style='border-radius:0px; '><section class=\"av_textblock_section \"  itemscope=\"itemscope\" itemtype=\"https:\/\/schema.org\/CreativeWork\" ><div class='avia_textblock  '   itemprop=\"text\" ><\/div><\/section><\/div><div class=\"flex_column av_four_fifth  flex_column_div av-zero-column-padding   \" style='border-radius:0px; '><section class=\"av_textblock_section \"  itemscope=\"itemscope\" itemtype=\"https:\/\/schema.org\/CreativeWork\" ><div class='avia_textblock  '   itemprop=\"text\" ><p><strong>Eintrittsbedingungen<\/strong><\/p>\n<\/div><\/section><\/div><div class=\"flex_column av_one_fifth  flex_column_div av-zero-column-padding first  \" style='border-radius:0px; '><section class=\"av_textblock_section \"  itemscope=\"itemscope\" itemtype=\"https:\/\/schema.org\/CreativeWork\" ><div class='avia_textblock  '   itemprop=\"text\" ><\/div><\/section><\/div><div class=\"flex_column av_four_fifth  flex_column_div av-zero-column-padding   \" style='border-radius:0px; '><div class=\"togglecontainer   toggle_close_all \" >\n<section class=\"av_toggle_section\"  itemscope=\"itemscope\" itemtype=\"https:\/\/schema.org\/CreativeWork\"  >    <div class=\"single_toggle\" data-tags=\"{Alle} \"  >        <p data-fake-id=\"#toggle-id-1\" class=\"toggler \"  itemprop=\"headline\"  >\u2022 Kann ich die Anwesenheitszeiten meines Kindes jederzeit \u00e4ndern?<span class=\"toggle_icon\" >        <span class=\"vert_icon\"><\/span><span class=\"hor_icon\"><\/span><\/span><\/p>        <div id=\"toggle-id-1-container\" class=\"toggle_wrap \"  >            <div class=\"toggle_content invers-color \"  itemprop=\"text\"   ><p>Wenn Sie eine \u00c4nderung bez\u00fcglich den Schulzeiten Ihres Kindes machen m\u00f6chten, m\u00fcssen Sie dies im Voraus mit der Schule vereinbaren. Jede \u00c4nderung ist abh\u00e4ngig von den Bedingungen der Mindestanwesenheiten und den verf\u00fcgbaren Pl\u00e4tzen.<\/p>\n            <\/div>        <\/div>    <\/div><\/section>\n<section class=\"av_toggle_section\"  itemscope=\"itemscope\" itemtype=\"https:\/\/schema.org\/CreativeWork\"  >    <div class=\"single_toggle\" data-tags=\"{Alle} \"  >        <p data-fake-id=\"#toggle-id-2\" class=\"toggler \"  itemprop=\"headline\"  >\u2022 Gibt es eine Probezeit?<span class=\"toggle_icon\" >        <span class=\"vert_icon\"><\/span><span class=\"hor_icon\"><\/span><\/span><\/p>        <div id=\"toggle-id-2-container\" class=\"toggle_wrap \"  >            <div class=\"toggle_content invers-color \"  itemprop=\"text\"   ><p>Der erste Monat wird als Probemonat angesehen, w\u00e4hrend dem Ihr Kind mit dem Schulalltag vertraut wird. Nach diesem Probemonat werden Sie mit der Schule eine Fortsetzung des Schulbesuchs vereinbaren. Sollte entweder die Schule oder Sie eine Beendigung der Teilnahme beschliessen und alle finanziellen Vereinbarungen wurden zufriedenstellend erf\u00fcllt, wird der Vertrag anschliessend f\u00fcr nichtig erkl\u00e4rt.<\/p>\n            <\/div>        <\/div>    <\/div><\/section>\n<section class=\"av_toggle_section\"  itemscope=\"itemscope\" itemtype=\"https:\/\/schema.org\/CreativeWork\"  >    <div class=\"single_toggle\" data-tags=\"{Alle} \"  >        <p data-fake-id=\"#toggle-id-3\" class=\"toggler \"  itemprop=\"headline\"  >\u2022 Wie ist das Vorgehen, wenn ich mein Kind von Double Decker abmelden will?<span class=\"toggle_icon\" >        <span class=\"vert_icon\"><\/span><span class=\"hor_icon\"><\/span><\/span><\/p>        <div id=\"toggle-id-3-container\" class=\"toggle_wrap \"  >            <div class=\"toggle_content invers-color \"  itemprop=\"text\"   ><p>Sollten Sie Ihr Kind nach der Probezeit wieder aus der Schule nehmen m\u00fcssen, kann dies an drei spezifischen Daten im Jahr (diese sind im Anmeldeformular angegeben) geschehen und muss unbedingt schriftlich erfolgen.<\/p>\n            <\/div>        <\/div>    <\/div><\/section>\n<section class=\"av_toggle_section\"  itemscope=\"itemscope\" itemtype=\"https:\/\/schema.org\/CreativeWork\"  >    <div class=\"single_toggle\" data-tags=\"{Alle} \"  >        <p data-fake-id=\"#toggle-id-4\" class=\"toggler \"  itemprop=\"headline\"  >\u2022 Kann ich die Tage ausw\u00e4hlen, an denen mein Kind die Schule besucht?<span class=\"toggle_icon\" >        <span class=\"vert_icon\"><\/span><span class=\"hor_icon\"><\/span><\/span><\/p>        <div id=\"toggle-id-4-container\" class=\"toggle_wrap \"  >            <div class=\"toggle_content invers-color \"  itemprop=\"text\"   ><p>Wir versuchen unser Bestes, um Ihre W\u00fcnsche in Bezug auf die Auswahl der Tage zu erf\u00fcllen. Die endg\u00fcltige Auswahl ist jedoch abh\u00e4ngig von den Bedingungen der Mindestanwesenheiten und der Anzahl der verf\u00fcgbaren Pl\u00e4tze.<\/p>\n            <\/div>        <\/div>    <\/div><\/section>\n<section class=\"av_toggle_section\"  itemscope=\"itemscope\" itemtype=\"https:\/\/schema.org\/CreativeWork\"  >    <div class=\"single_toggle\" data-tags=\"{Alle} \"  >        <p data-fake-id=\"#toggle-id-5\" class=\"toggler \"  itemprop=\"headline\"  >\u2022 Was ist die Mindestanzahl von Tagen, die mein Kind den Double Decker Kindergarten besuchen muss?<span class=\"toggle_icon\" >        <span class=\"vert_icon\"><\/span><span class=\"hor_icon\"><\/span><\/span><\/p>        <div id=\"toggle-id-5-container\" class=\"toggle_wrap \"  >            <div class=\"toggle_content invers-color \"  itemprop=\"text\"   ><ul>\n<li>Kindergarten A: f\u00fcnf Vormittage (07.45 \u2013 13.15 Uhr) und zwei Nachmittage (07.45 \u2013 15.15 Uhr)<\/li>\n<li>Kindergarten B: f\u00fcnf Vormittage (07.45 \u2013 13.15 Uhr) und drei Nachmittage (07.45 \u2013 15.15 Uhr)<\/li>\n<\/ul>\n            <\/div>        <\/div>    <\/div><\/section>\n<\/div><\/div><div  class='hr hr-default  '><span class='hr-inner ' ><span class='hr-inner-style'><\/span><\/span><\/div>\n<div class=\"flex_column av_one_fifth  flex_column_div av-zero-column-padding first  \" style='border-radius:0px; '><section class=\"av_textblock_section \"  itemscope=\"itemscope\" itemtype=\"https:\/\/schema.org\/CreativeWork\" ><div class='avia_textblock  '   itemprop=\"text\" ><\/div><\/section><\/div><div class=\"flex_column av_four_fifth  flex_column_div av-zero-column-padding   \" style='border-radius:0px; '><section class=\"av_textblock_section \"  itemscope=\"itemscope\" itemtype=\"https:\/\/schema.org\/CreativeWork\" ><div class='avia_textblock  '   itemprop=\"text\" ><p><strong>Lernen und Entwicklung<\/strong><\/p>\n<\/div><\/section><\/div><div class=\"flex_column av_one_fifth  flex_column_div av-zero-column-padding first  \" style='border-radius:0px; '><section class=\"av_textblock_section \"  itemscope=\"itemscope\" itemtype=\"https:\/\/schema.org\/CreativeWork\" ><div class='avia_textblock  '   itemprop=\"text\" ><\/div><\/section><\/div><div class=\"flex_column av_four_fifth  flex_column_div av-zero-column-padding   \" style='border-radius:0px; '><div class=\"togglecontainer   toggle_close_all \" >\n<section class=\"av_toggle_section\"  itemscope=\"itemscope\" itemtype=\"https:\/\/schema.org\/CreativeWork\"  >    <div class=\"single_toggle\" data-tags=\"{Alle} \"  >        <p data-fake-id=\"#toggle-id-6\" class=\"toggler \"  itemprop=\"headline\"  >\u2022 Wie ist das Lehrer-Sch\u00fcler Verh\u00e4ltnis bei Double Decker?<span class=\"toggle_icon\" >        <span class=\"vert_icon\"><\/span><span class=\"hor_icon\"><\/span><\/span><\/p>        <div id=\"toggle-id-6-container\" class=\"toggle_wrap \"  >            <div class=\"toggle_content invers-color \"  itemprop=\"text\"   ><p>Das Verh\u00e4ltnis variiert zwischen drei bis sieben Kinder pro Lehrer, abh\u00e4ngig vom Alter der Kinder, der Gruppengr\u00f6ssen und den jeweiligen Aktivit\u00e4ten.<\/p>\n            <\/div>        <\/div>    <\/div><\/section>\n<section class=\"av_toggle_section\"  itemscope=\"itemscope\" itemtype=\"https:\/\/schema.org\/CreativeWork\"  >    <div class=\"single_toggle\" data-tags=\"{Alle} \"  >        <p data-fake-id=\"#toggle-id-7\" class=\"toggler \"  itemprop=\"headline\"  >\u2022 Werden die Kinder bei Double Decker im Lesen und Schreiben unterrichtet?<span class=\"toggle_icon\" >        <span class=\"vert_icon\"><\/span><span class=\"hor_icon\"><\/span><\/span><\/p>        <div id=\"toggle-id-7-container\" class=\"toggle_wrap \"  >            <div class=\"toggle_content invers-color \"  itemprop=\"text\"   ><p>Die Lese- und Schreibf\u00e4higkeiten werden ganz nat\u00fcrlich in den Alltag integriert. Dies kann durch das einfache Einsetzen von Kl\u00e4ngen erfolgen und wie man diese unterscheidet \u2013 oder durch \u201eBuchstaben \u2013 Klang\u201c Erkennung. Diese Schritte sind abh\u00e4ngig von der individuellen Entwicklungsstufe Ihres Kindes in diesem Bereich. Dar\u00fcber hinaus bieten wir Kurse nach der Schule in fr\u00fcher Lesekompetenz an. Bitte informieren Sie sich \u00fcber die von uns nach der Schule angebotenen aktuellen Kurse.<\/p>\n            <\/div>        <\/div>    <\/div><\/section>\n<section class=\"av_toggle_section\"  itemscope=\"itemscope\" itemtype=\"https:\/\/schema.org\/CreativeWork\"  >    <div class=\"single_toggle\" data-tags=\"{Alle} \"  >        <p data-fake-id=\"#toggle-id-8\" class=\"toggler \"  itemprop=\"headline\"  >\u2022 Wie wird die Entwicklung der motorischen F\u00e4higkeiten unterst\u00fctzt?<span class=\"toggle_icon\" >        <span class=\"vert_icon\"><\/span><span class=\"hor_icon\"><\/span><\/span><\/p>        <div id=\"toggle-id-8-container\" class=\"toggle_wrap \"  >            <div class=\"toggle_content invers-color \"  itemprop=\"text\"   ><p>Zielorientierte T\u00e4tigkeiten umfassen insbesondere die Unterst\u00fctzung der k\u00f6rperlichen Entwicklung Ihres Kindes. Dies ist Teil der Wochenplanung bei Double Decker. Feinmotorik kann mit Hilfe von Bewegungen oder Handlungen, die bei einer Handarbeit oder einem Spiel ben\u00f6tigt werden, oder durch eine individuelle T\u00e4tigkeit mit einem Lehrer gest\u00e4rkt werden. Dar\u00fcber hinaus zielen alle Aktivit\u00e4ten auf die Verfeinerung der Grobmotorik ab. Dazu geh\u00f6ren Aktivit\u00e4ten im Park oder im Wald sowie Indoor-Aktivit\u00e4ten die Rhythmus und Bewegung einschliessen, wie z.B. Gymnastik oder Yoga.<\/p>\n            <\/div>        <\/div>    <\/div><\/section>\n<section class=\"av_toggle_section\"  itemscope=\"itemscope\" itemtype=\"https:\/\/schema.org\/CreativeWork\"  >    <div class=\"single_toggle\" data-tags=\"{Alle} \"  >        <p data-fake-id=\"#toggle-id-9\" class=\"toggler \"  itemprop=\"headline\"  >\u2022 Welche Aktivit\u00e4ten werden w\u00e4hrend den Schulferien angeboten?<span class=\"toggle_icon\" >        <span class=\"vert_icon\"><\/span><span class=\"hor_icon\"><\/span><\/span><\/p>        <div id=\"toggle-id-9-container\" class=\"toggle_wrap \"  >            <div class=\"toggle_content invers-color \"  itemprop=\"text\"   ><p>Double Decker bietet w\u00e4hrend den j\u00e4hrlichen Schulferien spannende Feriencamps an. Bitte sehen Sie sich die aktuellen Informationen von unserem Ferienprogramm an.<\/p>\n            <\/div>        <\/div>    <\/div><\/section>\n<section class=\"av_toggle_section\"  itemscope=\"itemscope\" itemtype=\"https:\/\/schema.org\/CreativeWork\"  >    <div class=\"single_toggle\" data-tags=\"{Alle} \"  >        <p data-fake-id=\"#toggle-id-10\" class=\"toggler \"  itemprop=\"headline\"  >\u2022 Welche Sprachen sprechen die LehrerInnen von Double Decker?<span class=\"toggle_icon\" >        <span class=\"vert_icon\"><\/span><span class=\"hor_icon\"><\/span><\/span><\/p>        <div id=\"toggle-id-10-container\" class=\"toggle_wrap \"  >            <div class=\"toggle_content invers-color \"  itemprop=\"text\"   ><p>Die Unterrichtssprachen sind Englisch und Hochdeutsch (nicht Schweizerdeutsch).<\/p>\n            <\/div>        <\/div>    <\/div><\/section>\n<section class=\"av_toggle_section\"  itemscope=\"itemscope\" itemtype=\"https:\/\/schema.org\/CreativeWork\"  >    <div class=\"single_toggle\" data-tags=\"{Alle} \"  >        <p data-fake-id=\"#toggle-id-11\" class=\"toggler \"  itemprop=\"headline\"  >\u2022 In welchen Kindergarten oder in welche Grundschule gehen Kinder normalerweise nach ihrer Zeit bei Double Decker?<span class=\"toggle_icon\" >        <span class=\"vert_icon\"><\/span><span class=\"hor_icon\"><\/span><\/span><\/p>        <div id=\"toggle-id-11-container\" class=\"toggle_wrap \"  >            <div class=\"toggle_content invers-color \"  itemprop=\"text\"   ><p>Kinder, die Double Decker verlassen, werden lokale Schweizer Schulen, Internationale Schulen oder private zweisprachige Schulen besuchen. Die Schulen werden von Ihren Vorlieben, der Eignung f\u00fcr das Kind und dem Ort abh\u00e4ngen.<\/p>\n            <\/div>        <\/div>    <\/div><\/section>\n<\/div><\/div><div  class='hr hr-default  '><span class='hr-inner ' ><span class='hr-inner-style'><\/span><\/span><\/div>\n<div class=\"flex_column av_one_fifth  flex_column_div av-zero-column-padding first  \" style='border-radius:0px; '><section class=\"av_textblock_section \"  itemscope=\"itemscope\" itemtype=\"https:\/\/schema.org\/CreativeWork\" ><div class='avia_textblock  '   itemprop=\"text\" ><\/div><\/section><\/div><div class=\"flex_column av_four_fifth  flex_column_div av-zero-column-padding   \" style='border-radius:0px; '><section class=\"av_textblock_section \"  itemscope=\"itemscope\" itemtype=\"https:\/\/schema.org\/CreativeWork\" ><div class='avia_textblock  '   itemprop=\"text\" ><p><strong>Tagt\u00e4gliches<\/strong><\/p>\n<\/div><\/section><\/div><div class=\"flex_column av_one_fifth  flex_column_div av-zero-column-padding first  \" style='border-radius:0px; '><section class=\"av_textblock_section \"  itemscope=\"itemscope\" itemtype=\"https:\/\/schema.org\/CreativeWork\" ><div class='avia_textblock  '   itemprop=\"text\" ><\/div><\/section><\/div><div class=\"flex_column av_two_third  flex_column_div av-zero-column-padding   \" style='border-radius:0px; '><div class=\"togglecontainer   toggle_close_all \" >\n<section class=\"av_toggle_section\"  itemscope=\"itemscope\" itemtype=\"https:\/\/schema.org\/CreativeWork\"  >    <div class=\"single_toggle\" data-tags=\"{Alle} \"  >        <p data-fake-id=\"#toggle-id-12\" class=\"toggler \"  itemprop=\"headline\"  >\u2022 Bietet Double Decker Mittagessen an?<span class=\"toggle_icon\" >        <span class=\"vert_icon\"><\/span><span class=\"hor_icon\"><\/span><\/span><\/p>        <div id=\"toggle-id-12-container\" class=\"toggle_wrap \"  >            <div class=\"toggle_content invers-color \"  itemprop=\"text\"   ><p>Cassis Catering stellt f\u00fcr die Kinder ein warme Mittagessen zusammen, welche aus biologischen und, wann immer m\u00f6glich, saisonalen und lokalen Produkten, bestehen. Bei tierischen Produkten h\u00e4lt sich Cassis Catering an strenge Richtlinien bez\u00fcglich artgerechter Haltung. Sie verwenden ausschliesslich Schweizer Fleisch, Fisch mit MSC-Label und zertifizierte Bio-Eier. Cassis Catering kann bei Bedarf das Essen bei di\u00e4tetischen Einschr\u00e4nkungen oder Allergien anpassen. Es werden drei vegetarische Mahlzeiten pro Woche angeboten. Wir haben ausserdem kein Schweinefleisch, keine Schalentiere und N\u00fcssen auf dem Speiseplan.<\/p>\n            <\/div>        <\/div>    <\/div><\/section>\n<section class=\"av_toggle_section\"  itemscope=\"itemscope\" itemtype=\"https:\/\/schema.org\/CreativeWork\"  >    <div class=\"single_toggle\" data-tags=\"{Alle} \"  >        <p data-fake-id=\"#toggle-id-13\" class=\"toggler \"  itemprop=\"headline\"  >\u2022 Was sind die Sicherheitsvorkehrungen f\u00fcr Outdoor-Aktivit\u00e4ten oder Ausfl\u00fcge?<span class=\"toggle_icon\" >        <span class=\"vert_icon\"><\/span><span class=\"hor_icon\"><\/span><\/span><\/p>        <div id=\"toggle-id-13-container\" class=\"toggle_wrap \"  >            <div class=\"toggle_content invers-color \"  itemprop=\"text\"   ><p>Outdoor-Aktivit\u00e4ten sind ein ganz wesentlicher Aspekt \u00a0eines jeden Tages bei Double Decker und die Sicherheit Ihres Kindes ist unsere h\u00f6chste Priorit\u00e4t. Das Lehrer-Sch\u00fcler Verh\u00e4ltnis ist entsprechend angepasst und das geschulte Personal ist st\u00e4ndig anwesend. Alle Gruppen haben immer eine Erste-Hilfe-Ausr\u00fcstung und ein Mobiltelefon dabei. Dar\u00fcber hinaus wird Ihr Kind eine orange reflektierende Sicherheitssch\u00e4rpe tragen, die typisch f\u00fcr alle kleinen Kinder ist, die in der Schweiz Schulausfl\u00fcge machen.<\/p>\n            <\/div>        <\/div>    <\/div><\/section>\n<section class=\"av_toggle_section\"  itemscope=\"itemscope\" itemtype=\"https:\/\/schema.org\/CreativeWork\"  >    <div class=\"single_toggle\" data-tags=\"{Alle} \"  >        <p data-fake-id=\"#toggle-id-14\" class=\"toggler \"  itemprop=\"headline\"  >\u2022 Muss mein Kind bereits ohne Windeln sein, um Double Decker besuchen zu k\u00f6nnen?<span class=\"toggle_icon\" >        <span class=\"vert_icon\"><\/span><span class=\"hor_icon\"><\/span><\/span><\/p>        <div id=\"toggle-id-14-container\" class=\"toggle_wrap \"  >            <div class=\"toggle_content invers-color \"  itemprop=\"text\"   ><p>Kinder ab 18 Monaten besuchen Double Decker K\u00fcsnacht und viele von ihnen sind noch nicht trocken. Falls dies bei Ihrem Kind der Fall ist, bitten wir Sie, die erforderliche Menge an Windeln mitzubringen.<\/p>\n            <\/div>        <\/div>    <\/div><\/section>\n<section class=\"av_toggle_section\"  itemscope=\"itemscope\" itemtype=\"https:\/\/schema.org\/CreativeWork\"  >    <div class=\"single_toggle\" data-tags=\"{Alle} \"  >        <p data-fake-id=\"#toggle-id-15\" class=\"toggler \"  itemprop=\"headline\"  >\u2022 Mein Kind hat eine Erk\u00e4ltung. Kann ich ihn\/sie trotzdem zu Double Decker bringen?<span class=\"toggle_icon\" >        <span class=\"vert_icon\"><\/span><span class=\"hor_icon\"><\/span><\/span><\/p>        <div id=\"toggle-id-15-container\" class=\"toggle_wrap \"  >            <div class=\"toggle_content invers-color \"  itemprop=\"text\"   ><p>Aus R\u00fccksicht auf andere Kinder und Lehrkr\u00e4fte, ist es bei uns Vorschrift, dass kranke Kinder zu Hause bleiben m\u00fcssen. Dies ist z.B. bei Fieber, Infektionskrankheiten, Durchfall oder starkem Husten der Fall. Die Schule beh\u00e4lt sich das Recht vor, kranke Kinder von der Gruppe zu trennen und von Ihnen zu verlangen, dass Sie sie nach Hause holen.<\/p>\n            <\/div>        <\/div>    <\/div><\/section>\n<\/div><\/div>\n","protected":false},"excerpt":{"rendered":"","protected":false},"author":1,"featured_media":0,"parent":0,"menu_order":0,"comment_status":"closed","ping_status":"closed","template":"","meta":{"_monsterinsights_skip_tracking":false,"_monsterinsights_sitenote_active":false,"_monsterinsights_sitenote_note":"","_monsterinsights_sitenote_category":0,"footnotes":""},"class_list":["post-1644","page","type-page","status-publish","hentry"],"yoast_head":"<!-- This site is optimized with the Yoast SEO plugin v27.1.1 - https:\/\/yoast.com\/product\/yoast-seo-wordpress\/ -->\n<title>H\u00e4ufige Fragen &#8211; Double Decker<\/title>\n<meta name=\"robots\" content=\"index, follow, max-snippet:-1, max-image-preview:large, max-video-preview:-1\" \/>\n<link rel=\"canonical\" href=\"https:\/\/www.doubledecker.ch\/de\/haeufige-fragen\/\" \/>\n<meta property=\"og:locale\" content=\"de_DE\" \/>\n<meta property=\"og:type\" content=\"article\" \/>\n<meta property=\"og:title\" content=\"H\u00e4ufige Fragen &#8211; Double Decker\" \/>\n<meta property=\"og:url\" content=\"https:\/\/www.doubledecker.ch\/de\/haeufige-fragen\/\" \/>\n<meta property=\"og:site_name\" content=\"Double Decker\" \/>\n<meta property=\"article:modified_time\" content=\"2023-01-26T16:20:19+00:00\" \/>\n<meta name=\"twitter:card\" content=\"summary_large_image\" \/>\n<meta name=\"twitter:label1\" content=\"Gesch\u00e4tzte Lesezeit\" \/>\n\t<meta name=\"twitter:data1\" content=\"11\u00a0Minuten\" \/>\n<script type=\"application\/ld+json\" class=\"yoast-schema-graph\">{\"@context\":\"https:\/\/schema.org\",\"@graph\":[{\"@type\":\"WebPage\",\"@id\":\"https:\/\/www.doubledecker.ch\/de\/haeufige-fragen\/\",\"url\":\"https:\/\/www.doubledecker.ch\/de\/haeufige-fragen\/\",\"name\":\"H\u00e4ufige Fragen &#8211; Double Decker\",\"isPartOf\":{\"@id\":\"https:\/\/www.doubledecker.ch\/de\/#website\"},\"datePublished\":\"2017-04-06T08:39:38+00:00\",\"dateModified\":\"2023-01-26T16:20:19+00:00\",\"breadcrumb\":{\"@id\":\"https:\/\/www.doubledecker.ch\/de\/haeufige-fragen\/#breadcrumb\"},\"inLanguage\":\"de\",\"potentialAction\":[{\"@type\":\"ReadAction\",\"target\":[\"https:\/\/www.doubledecker.ch\/de\/haeufige-fragen\/\"]}]},{\"@type\":\"BreadcrumbList\",\"@id\":\"https:\/\/www.doubledecker.ch\/de\/haeufige-fragen\/#breadcrumb\",\"itemListElement\":[{\"@type\":\"ListItem\",\"position\":1,\"name\":\"Home\",\"item\":\"https:\/\/www.doubledecker.ch\/de\/\"},{\"@type\":\"ListItem\",\"position\":2,\"name\":\"H\u00e4ufige Fragen\"}]},{\"@type\":\"WebSite\",\"@id\":\"https:\/\/www.doubledecker.ch\/de\/#website\",\"url\":\"https:\/\/www.doubledecker.ch\/de\/\",\"name\":\"Double Decker\",\"description\":\"Zweisprachige Vorschule\",\"publisher\":{\"@id\":\"https:\/\/www.doubledecker.ch\/de\/#organization\"},\"potentialAction\":[{\"@type\":\"SearchAction\",\"target\":{\"@type\":\"EntryPoint\",\"urlTemplate\":\"https:\/\/www.doubledecker.ch\/de\/?s={search_term_string}\"},\"query-input\":{\"@type\":\"PropertyValueSpecification\",\"valueRequired\":true,\"valueName\":\"search_term_string\"}}],\"inLanguage\":\"de\"},{\"@type\":\"Organization\",\"@id\":\"https:\/\/www.doubledecker.ch\/de\/#organization\",\"name\":\"Double Decker Bilingual Preschool and Kindergarten\",\"url\":\"https:\/\/www.doubledecker.ch\/de\/\",\"logo\":{\"@type\":\"ImageObject\",\"inLanguage\":\"de\",\"@id\":\"https:\/\/www.doubledecker.ch\/de\/#\/schema\/logo\/image\/\",\"url\":\"https:\/\/www.doubledecker.ch\/wp-content\/uploads\/2017\/02\/DD-Bus.png\",\"contentUrl\":\"https:\/\/www.doubledecker.ch\/wp-content\/uploads\/2017\/02\/DD-Bus.png\",\"width\":300,\"height\":178,\"caption\":\"Double Decker Bilingual Preschool and Kindergarten\"},\"image\":{\"@id\":\"https:\/\/www.doubledecker.ch\/de\/#\/schema\/logo\/image\/\"},\"sameAs\":[\"https:\/\/www.instagram.com\/doubledeckerpreschool\/\"]}]}<\/script>\n<!-- \/ Yoast SEO plugin. -->","yoast_head_json":{"title":"H\u00e4ufige Fragen &#8211; Double Decker","robots":{"index":"index","follow":"follow","max-snippet":"max-snippet:-1","max-image-preview":"max-image-preview:large","max-video-preview":"max-video-preview:-1"},"canonical":"https:\/\/www.doubledecker.ch\/de\/haeufige-fragen\/","og_locale":"de_DE","og_type":"article","og_title":"H\u00e4ufige Fragen &#8211; Double Decker","og_url":"https:\/\/www.doubledecker.ch\/de\/haeufige-fragen\/","og_site_name":"Double Decker","article_modified_time":"2023-01-26T16:20:19+00:00","twitter_card":"summary_large_image","twitter_misc":{"Gesch\u00e4tzte Lesezeit":"11\u00a0Minuten"},"schema":{"@context":"https:\/\/schema.org","@graph":[{"@type":"WebPage","@id":"https:\/\/www.doubledecker.ch\/de\/haeufige-fragen\/","url":"https:\/\/www.doubledecker.ch\/de\/haeufige-fragen\/","name":"H\u00e4ufige Fragen &#8211; Double Decker","isPartOf":{"@id":"https:\/\/www.doubledecker.ch\/de\/#website"},"datePublished":"2017-04-06T08:39:38+00:00","dateModified":"2023-01-26T16:20:19+00:00","breadcrumb":{"@id":"https:\/\/www.doubledecker.ch\/de\/haeufige-fragen\/#breadcrumb"},"inLanguage":"de","potentialAction":[{"@type":"ReadAction","target":["https:\/\/www.doubledecker.ch\/de\/haeufige-fragen\/"]}]},{"@type":"BreadcrumbList","@id":"https:\/\/www.doubledecker.ch\/de\/haeufige-fragen\/#breadcrumb","itemListElement":[{"@type":"ListItem","position":1,"name":"Home","item":"https:\/\/www.doubledecker.ch\/de\/"},{"@type":"ListItem","position":2,"name":"H\u00e4ufige Fragen"}]},{"@type":"WebSite","@id":"https:\/\/www.doubledecker.ch\/de\/#website","url":"https:\/\/www.doubledecker.ch\/de\/","name":"Double Decker","description":"Zweisprachige Vorschule","publisher":{"@id":"https:\/\/www.doubledecker.ch\/de\/#organization"},"potentialAction":[{"@type":"SearchAction","target":{"@type":"EntryPoint","urlTemplate":"https:\/\/www.doubledecker.ch\/de\/?s={search_term_string}"},"query-input":{"@type":"PropertyValueSpecification","valueRequired":true,"valueName":"search_term_string"}}],"inLanguage":"de"},{"@type":"Organization","@id":"https:\/\/www.doubledecker.ch\/de\/#organization","name":"Double Decker Bilingual Preschool and Kindergarten","url":"https:\/\/www.doubledecker.ch\/de\/","logo":{"@type":"ImageObject","inLanguage":"de","@id":"https:\/\/www.doubledecker.ch\/de\/#\/schema\/logo\/image\/","url":"https:\/\/www.doubledecker.ch\/wp-content\/uploads\/2017\/02\/DD-Bus.png","contentUrl":"https:\/\/www.doubledecker.ch\/wp-content\/uploads\/2017\/02\/DD-Bus.png","width":300,"height":178,"caption":"Double Decker Bilingual Preschool and Kindergarten"},"image":{"@id":"https:\/\/www.doubledecker.ch\/de\/#\/schema\/logo\/image\/"},"sameAs":["https:\/\/www.instagram.com\/doubledeckerpreschool\/"]}]}},"_links":{"self":[{"href":"https:\/\/www.doubledecker.ch\/de\/wp-json\/wp\/v2\/pages\/1644","targetHints":{"allow":["GET"]}}],"collection":[{"href":"https:\/\/www.doubledecker.ch\/de\/wp-json\/wp\/v2\/pages"}],"about":[{"href":"https:\/\/www.doubledecker.ch\/de\/wp-json\/wp\/v2\/types\/page"}],"author":[{"embeddable":true,"href":"https:\/\/www.doubledecker.ch\/de\/wp-json\/wp\/v2\/users\/1"}],"replies":[{"embeddable":true,"href":"https:\/\/www.doubledecker.ch\/de\/wp-json\/wp\/v2\/comments?post=1644"}],"version-history":[{"count":9,"href":"https:\/\/www.doubledecker.ch\/de\/wp-json\/wp\/v2\/pages\/1644\/revisions"}],"predecessor-version":[{"id":9225,"href":"https:\/\/www.doubledecker.ch\/de\/wp-json\/wp\/v2\/pages\/1644\/revisions\/9225"}],"wp:attachment":[{"href":"https:\/\/www.doubledecker.ch\/de\/wp-json\/wp\/v2\/media?parent=1644"}],"curies":[{"name":"wp","href":"https:\/\/api.w.org\/{rel}","templated":true}]}}